{"id":47,"date":"2018-05-01T18:05:38","date_gmt":"2018-05-01T16:05:38","guid":{"rendered":"https:\/\/www.baeckerei-kronsteiner.at\/start\/?page_id=47"},"modified":"2018-06-30T17:43:35","modified_gmt":"2018-06-30T15:43:35","slug":"unser-betrieb","status":"publish","type":"page","link":"https:\/\/www.baeckerei-kronsteiner.at\/start\/unser-betrieb\/","title":{"rendered":"Unser Betrieb"},"content":{"rendered":"<h1 style=\"text-align: center;\"><em><strong><span style=\"color: #993300;\">Liebe Besucher!<\/span><\/strong><\/em><\/h1>\n<p>&nbsp;<\/p>\n<h4 style=\"text-align: center;\"><em>Auf dieser Seite m\u00f6chte ich Ihnen einen kleinen Einblick \u00fcber mich und \u00fcber meinen Betrieb erm\u00f6glichen.<\/em><\/h4>\n<h4 style=\"text-align: center;\">Da mich schon von klein auf das B\u00e4ckerhandwerk faszinierte und mich nicht wieder los lie\u00df, beschloss ich, 2006\u00a0eine Lehre in der ehemaligen B\u00e4ckerei Kubessa (Standort meiner jetzigen Produktionsst\u00e4tte) anzufangen.<\/h4>\n<h4 style=\"text-align: center;\">\u00a0In den 3 Lehrjahren wurde mir von meinem Lehrherren Herrn Meinrad Kubessa das B\u00e4ckerhandwerk perfekt beigebracht.<\/h4>\n<h4 style=\"text-align: center;\">Auch in der Berufsschule habe ich mein K\u00f6nnen, das mir Zuhause gelehrt wurde, bewiesen und alle drei Schulstufen mit einem Notendurchschnitt von 1,0 abgeschlossen. Meine Gesellenpr\u00fcfung konnte ich mit einem Ausgezeichneten Erfolg abschlie\u00dfen.<\/h4>\n<h4 style=\"text-align: center;\">Durch meine Erfolge in der Berufsschule konnte ich auch bei einigen Wettbewerben teilnehmen, wobei ich beim Landeslehrlingswettbewerb der B\u00e4cker den 1. Platz und beim Bundeslehrlingswettbewerb eine Silbermedaille nach St. Georgen am Reith holen konnte.<\/h4>\n<h4 style=\"text-align: center;\">Nach einer kurzen Auszeit vom B\u00e4ckergewerbe konnte ich 2014 bei Herrn L\u00f6bersorg Andreas, der den Betrieb von Herrn Kubessa \u00fcbernommen hat, den Beruf als B\u00e4ckergeselle wieder aus\u00fcben.<\/h4>\n<h4 style=\"text-align: center;\">Als im Fr\u00fchjahr 2018 die M\u00f6glichkeit bestand, den B\u00e4ckereibetrieb in\u00a0St. Georgen am Reith, Dorf 20 weiterzuf\u00fchren, entschloss ich mich nach R\u00fccksprache mit meiner Familie das Unternehmen weiter zu betreiben.<\/h4>\n<h4 style=\"text-align: center;\">Seit 1. Juli 2018 darf ich mich nun stolzer Besitzer eines B\u00e4ckereibetriebes nennen und im l\u00e4ndlichen Bereich von<\/h4>\n<h4 style=\"text-align: center;\">\u00a0St. Georgen am Reith, G\u00f6stling\/Ybbs -Lassing- Hochkar, Lunz am See und Umgebung als NAHVERSORGER meine K\u00f6stlichkeiten verkaufen.<\/h4>\n<h4 style=\"text-align: center;\">Bei weiteren Fragen \u00fcber\u00a0mich oder meinen Betrieb stehe ich Ihnen gerne zur Verf\u00fcgung.<\/h4>\n<h4 style=\"text-align: center;\">(Tel. oder E- Mail unter Kontakte)<\/h4>\n<h4><\/h4>\n<h4><\/h4>\n<h4><\/h4>\n<h4>Mit freundlichen Gr\u00fc\u00dfen<\/h4>\n<h4><\/h4>\n<h3><em><span style=\"color: #993300;\">Patrick KRONSTEINER<\/span><\/em><\/h3>\n<h4 style=\"text-align: center;\"><\/h4>\n<h4><\/h4>\n<p>&nbsp;<\/p>\n<div class=\"pvc_clear\"><\/div>\n<p id=\"pvc_stats_47\" class=\"pvc_stats all  \" data-element-id=\"47\" style=\"\"><i class=\"pvc-stats-icon medium\" aria-hidden=\"true\"><svg aria-hidden=\"true\" focusable=\"false\" data-prefix=\"far\" data-icon=\"chart-bar\" role=\"img\" xmlns=\"http:\/\/www.w3.org\/2000\/svg\" viewBox=\"0 0 512 512\" class=\"svg-inline--fa fa-chart-bar fa-w-16 fa-2x\"><path fill=\"currentColor\" d=\"M396.8 352h22.4c6.4 0 12.8-6.4 12.8-12.8V108.8c0-6.4-6.4-12.8-12.8-12.8h-22.4c-6.4 0-12.8 6.4-12.8 12.8v230.4c0 6.4 6.4 12.8 12.8 12.8zm-192 0h22.4c6.4 0 12.8-6.4 12.8-12.8V140.8c0-6.4-6.4-12.8-12.8-12.8h-22.4c-6.4 0-12.8 6.4-12.8 12.8v198.4c0 6.4 6.4 12.8 12.8 12.8zm96 0h22.4c6.4 0 12.8-6.4 12.8-12.8V204.8c0-6.4-6.4-12.8-12.8-12.8h-22.4c-6.4 0-12.8 6.4-12.8 12.8v134.4c0 6.4 6.4 12.8 12.8 12.8zM496 400H48V80c0-8.84-7.16-16-16-16H16C7.16 64 0 71.16 0 80v336c0 17.67 14.33 32 32 32h464c8.84 0 16-7.16 16-16v-16c0-8.84-7.16-16-16-16zm-387.2-48h22.4c6.4 0 12.8-6.4 12.8-12.8v-70.4c0-6.4-6.4-12.8-12.8-12.8h-22.4c-6.4 0-12.8 6.4-12.8 12.8v70.4c0 6.4 6.4 12.8 12.8 12.8z\" class=\"\"><\/path><\/svg><\/i> <img loading=\"lazy\" decoding=\"async\" width=\"16\" height=\"16\" alt=\"Loading\" src=\"https:\/\/www.baeckerei-kronsteiner.at\/start\/wp-content\/plugins\/page-views-count\/ajax-loader-2x.gif\" border=0 \/><\/p>\n<div class=\"pvc_clear\"><\/div>\n","protected":false},"excerpt":{"rendered":"<p>Liebe Besucher! &nbsp; Auf dieser Seite m\u00f6chte ich Ihnen einen kleinen Einblick \u00fcber mich und \u00fcber meinen Betrieb erm\u00f6glichen. Da mich schon von klein auf das B\u00e4ckerhandwerk faszinierte und mich nicht wieder los lie\u00df, beschloss ich, 2006\u00a0eine Lehre in der ehemaligen B\u00e4ckerei Kubessa (Standort meiner jetzigen Produktionsst\u00e4tte) anzufangen. \u00a0In den 3 Lehrjahren wurde mir von &hellip; <\/p>\n<p><a class=\"more-link btn\" href=\"https:\/\/www.baeckerei-kronsteiner.at\/start\/unser-betrieb\/\">Weiterlesen<\/a><\/p>\n<div class=\"pvc_clear\"><\/div>\n<p id=\"pvc_stats_47\" class=\"pvc_stats all  \" data-element-id=\"47\" style=\"\"><i class=\"pvc-stats-icon medium\" aria-hidden=\"true\"><svg aria-hidden=\"true\" focusable=\"false\" data-prefix=\"far\" data-icon=\"chart-bar\" role=\"img\" xmlns=\"http:\/\/www.w3.org\/2000\/svg\" viewBox=\"0 0 512 512\" class=\"svg-inline--fa fa-chart-bar fa-w-16 fa-2x\"><path fill=\"currentColor\" d=\"M396.8 352h22.4c6.4 0 12.8-6.4 12.8-12.8V108.8c0-6.4-6.4-12.8-12.8-12.8h-22.4c-6.4 0-12.8 6.4-12.8 12.8v230.4c0 6.4 6.4 12.8 12.8 12.8zm-192 0h22.4c6.4 0 12.8-6.4 12.8-12.8V140.8c0-6.4-6.4-12.8-12.8-12.8h-22.4c-6.4 0-12.8 6.4-12.8 12.8v198.4c0 6.4 6.4 12.8 12.8 12.8zm96 0h22.4c6.4 0 12.8-6.4 12.8-12.8V204.8c0-6.4-6.4-12.8-12.8-12.8h-22.4c-6.4 0-12.8 6.4-12.8 12.8v134.4c0 6.4 6.4 12.8 12.8 12.8zM496 400H48V80c0-8.84-7.16-16-16-16H16C7.16 64 0 71.16 0 80v336c0 17.67 14.33 32 32 32h464c8.84 0 16-7.16 16-16v-16c0-8.84-7.16-16-16-16zm-387.2-48h22.4c6.4 0 12.8-6.4 12.8-12.8v-70.4c0-6.4-6.4-12.8-12.8-12.8h-22.4c-6.4 0-12.8 6.4-12.8 12.8v70.4c0 6.4 6.4 12.8 12.8 12.8z\" class=\"\"><\/path><\/svg><\/i> <img loading=\"lazy\" decoding=\"async\" width=\"16\" height=\"16\" alt=\"Loading\" src=\"https:\/\/www.baeckerei-kronsteiner.at\/start\/wp-content\/plugins\/page-views-count\/ajax-loader-2x.gif\" border=0 \/><\/p>\n<div class=\"pvc_clear\"><\/div>\n","protected":false},"author":4,"featured_media":219,"parent":0,"menu_order":2,"comment_status":"closed","ping_status":"closed","template":"template-onecolumn.php","meta":{"amp_status":"","footnotes":""},"class_list":["post-47","page","type-page","status-publish","has-post-thumbnail","hentry","nodate","item-wrap"],"_links":{"self":[{"href":"https:\/\/www.baeckerei-kronsteiner.at\/start\/wp-json\/wp\/v2\/pages\/47"}],"collection":[{"href":"https:\/\/www.baeckerei-kronsteiner.at\/start\/wp-json\/wp\/v2\/pages"}],"about":[{"href":"https:\/\/www.baeckerei-kronsteiner.at\/start\/wp-json\/wp\/v2\/types\/page"}],"author":[{"embeddable":true,"href":"https:\/\/www.baeckerei-kronsteiner.at\/start\/wp-json\/wp\/v2\/users\/4"}],"replies":[{"embeddable":true,"href":"https:\/\/www.baeckerei-kronsteiner.at\/start\/wp-json\/wp\/v2\/comments?post=47"}],"version-history":[{"count":5,"href":"https:\/\/www.baeckerei-kronsteiner.at\/start\/wp-json\/wp\/v2\/pages\/47\/revisions"}],"predecessor-version":[{"id":166,"href":"https:\/\/www.baeckerei-kronsteiner.at\/start\/wp-json\/wp\/v2\/pages\/47\/revisions\/166"}],"wp:featuredmedia":[{"embeddable":true,"href":"https:\/\/www.baeckerei-kronsteiner.at\/start\/wp-json\/wp\/v2\/media\/219"}],"wp:attachment":[{"href":"https:\/\/www.baeckerei-kronsteiner.at\/start\/wp-json\/wp\/v2\/media?parent=47"}],"curies":[{"name":"wp","href":"https:\/\/api.w.org\/{rel}","templated":true}]}}