{"id":49,"date":"2018-05-01T18:05:52","date_gmt":"2018-05-01T16:05:52","guid":{"rendered":"https:\/\/www.baeckerei-kronsteiner.at\/start\/?page_id=49"},"modified":"2022-04-22T15:21:46","modified_gmt":"2022-04-22T13:21:46","slug":"kontakt","status":"publish","type":"page","link":"https:\/\/www.baeckerei-kronsteiner.at\/start\/kontakt\/","title":{"rendered":"Kontakt"},"content":{"rendered":"\r\n<div class=\"wp-block-group has-very-light-gray-background-color has-background\">\r\n<div class=\"wp-block-group__inner-container is-layout-flow wp-block-group-is-layout-flow\">\r\n<h2 style=\"text-align: center;\">Gerne nehmen wir <span style=\"color: #993300;\">Ihre Bestellungen<\/span> unter<\/h2>\r\n<h1 style=\"text-align: center;\"><span style=\"color: #993300;\"><strong>07484\/8239\u00a0<\/strong> <strong>(Anrufbeantworter)<\/strong> <\/span>entgegen.<\/h1>\r\n<h2 style=\"text-align: center;\"><img loading=\"lazy\" decoding=\"async\" class=\" wp-image-72 aligncenter\" src=\"https:\/\/www.baeckerei-kronsteiner.at\/start\/wp-content\/uploads\/2018\/04\/kleingebaeck-im-korb-300x174.jpg\" alt=\"\" width=\"418\" height=\"242\" srcset=\"https:\/\/www.baeckerei-kronsteiner.at\/start\/wp-content\/uploads\/2018\/04\/kleingebaeck-im-korb-300x174.jpg 300w, https:\/\/www.baeckerei-kronsteiner.at\/start\/wp-content\/uploads\/2018\/04\/kleingebaeck-im-korb.jpg 620w\" sizes=\"(max-width: 418px) 100vw, 418px\" \/><\/h2>\r\n<h2>\u00a0<\/h2>\r\n<h2 style=\"text-align: center;\"><span style=\"color: #993300;\">F\u00fcr<\/span> <span style=\"color: #993300;\">sonstige Fragen<\/span> wenden\u00a0Sie sich an<\/h2>\r\n<h2 style=\"text-align: center;\"><span style=\"color: #993300;\"><strong>0664\/2008430<\/strong> (Patrick Kronsteiner)<\/span><\/h2>\r\n<hr \/>\r\n<h2 style=\"text-align: center;\"><span style=\"color: #003300;\">E-Mail: <strong>\u00a0info@baeckerei-kronsteiner.at<\/strong> <\/span><\/h2>\r\n<h2 style=\"text-align: center;\"><span style=\"color: #003300;\">oder das unten angef\u00fcgte Kontaktformular verwenden!<\/span><\/h2>\r\n<h1 style=\"text-align: center;\"><span style=\"color: #ff0000;\"><div class=\"alert alert-danger alert-dismissable\"><button type=\"button\" class=\"close\" data-dismiss=\"alert\" aria-hidden=\"true\">&times;<\/button>Bitte KEINE Bestellungen per E-Mail!<\/div><\/span><\/h1>\r\n<h4 style=\"text-align: center;\">Danke f\u00fcr Ihr Verst\u00e4ndnis<\/h4>\r\n<p>&nbsp;<\/p>\r\n<h3 style=\"text-align: left;\"><span style=\"color: #993300;\"><em><strong>Adresse Produktion:<\/strong><\/em><\/span><\/h3>\r\n<h3 style=\"text-align: left;\"><em>B\u00e4ckerei Patrick Kronsteiner<\/em><\/h3>\r\n<h3 style=\"text-align: left;\"><em>Dorf 20<\/em><\/h3>\r\n<h3 style=\"text-align: left;\"><em>3344 St. Georgen am Reith<\/em><\/h3>\r\n<\/div>\r\n<\/div>\r\n<div class=\"pvc_clear\"><\/div><p id=\"pvc_stats_49\" class=\"pvc_stats all  \" data-element-id=\"49\" style=\"\"><i class=\"pvc-stats-icon medium\" aria-hidden=\"true\"><svg aria-hidden=\"true\" focusable=\"false\" data-prefix=\"far\" data-icon=\"chart-bar\" role=\"img\" xmlns=\"http:\/\/www.w3.org\/2000\/svg\" viewBox=\"0 0 512 512\" class=\"svg-inline--fa fa-chart-bar fa-w-16 fa-2x\"><path fill=\"currentColor\" d=\"M396.8 352h22.4c6.4 0 12.8-6.4 12.8-12.8V108.8c0-6.4-6.4-12.8-12.8-12.8h-22.4c-6.4 0-12.8 6.4-12.8 12.8v230.4c0 6.4 6.4 12.8 12.8 12.8zm-192 0h22.4c6.4 0 12.8-6.4 12.8-12.8V140.8c0-6.4-6.4-12.8-12.8-12.8h-22.4c-6.4 0-12.8 6.4-12.8 12.8v198.4c0 6.4 6.4 12.8 12.8 12.8zm96 0h22.4c6.4 0 12.8-6.4 12.8-12.8V204.8c0-6.4-6.4-12.8-12.8-12.8h-22.4c-6.4 0-12.8 6.4-12.8 12.8v134.4c0 6.4 6.4 12.8 12.8 12.8zM496 400H48V80c0-8.84-7.16-16-16-16H16C7.16 64 0 71.16 0 80v336c0 17.67 14.33 32 32 32h464c8.84 0 16-7.16 16-16v-16c0-8.84-7.16-16-16-16zm-387.2-48h22.4c6.4 0 12.8-6.4 12.8-12.8v-70.4c0-6.4-6.4-12.8-12.8-12.8h-22.4c-6.4 0-12.8 6.4-12.8 12.8v70.4c0 6.4 6.4 12.8 12.8 12.8z\" class=\"\"><\/path><\/svg><\/i> <img loading=\"lazy\" decoding=\"async\" width=\"16\" height=\"16\" alt=\"Loading\" src=\"https:\/\/www.baeckerei-kronsteiner.at\/start\/wp-content\/plugins\/page-views-count\/ajax-loader-2x.gif\" border=0 \/><\/p><div class=\"pvc_clear\"><\/div>","protected":false},"excerpt":{"rendered":"<p>Gerne nehmen wir Ihre Bestellungen unter 07484\/8239\u00a0 (Anrufbeantworter) entgegen. \u00a0 F\u00fcr sonstige Fragen wenden\u00a0Sie sich an 0664\/2008430 (Patrick Kronsteiner) E-Mail: \u00a0info@baeckerei-kronsteiner.at oder das unten angef\u00fcgte Kontaktformular verwenden! Danke f\u00fcr Ihr Verst\u00e4ndnis &nbsp; Adresse Produktion: B\u00e4ckerei Patrick Kronsteiner Dorf 20 3344 St. Georgen am Reith<\/p>\n<div class=\"pvc_clear\"><\/div>\n<p id=\"pvc_stats_49\" class=\"pvc_stats all  \" data-element-id=\"49\" style=\"\"><i class=\"pvc-stats-icon medium\" aria-hidden=\"true\"><svg aria-hidden=\"true\" focusable=\"false\" data-prefix=\"far\" data-icon=\"chart-bar\" role=\"img\" xmlns=\"http:\/\/www.w3.org\/2000\/svg\" viewBox=\"0 0 512 512\" class=\"svg-inline--fa fa-chart-bar fa-w-16 fa-2x\"><path fill=\"currentColor\" d=\"M396.8 352h22.4c6.4 0 12.8-6.4 12.8-12.8V108.8c0-6.4-6.4-12.8-12.8-12.8h-22.4c-6.4 0-12.8 6.4-12.8 12.8v230.4c0 6.4 6.4 12.8 12.8 12.8zm-192 0h22.4c6.4 0 12.8-6.4 12.8-12.8V140.8c0-6.4-6.4-12.8-12.8-12.8h-22.4c-6.4 0-12.8 6.4-12.8 12.8v198.4c0 6.4 6.4 12.8 12.8 12.8zm96 0h22.4c6.4 0 12.8-6.4 12.8-12.8V204.8c0-6.4-6.4-12.8-12.8-12.8h-22.4c-6.4 0-12.8 6.4-12.8 12.8v134.4c0 6.4 6.4 12.8 12.8 12.8zM496 400H48V80c0-8.84-7.16-16-16-16H16C7.16 64 0 71.16 0 80v336c0 17.67 14.33 32 32 32h464c8.84 0 16-7.16 16-16v-16c0-8.84-7.16-16-16-16zm-387.2-48h22.4c6.4 0 12.8-6.4 12.8-12.8v-70.4c0-6.4-6.4-12.8-12.8-12.8h-22.4c-6.4 0-12.8 6.4-12.8 12.8v70.4c0 6.4 6.4 12.8 12.8 12.8z\" class=\"\"><\/path><\/svg><\/i> <img loading=\"lazy\" decoding=\"async\" width=\"16\" height=\"16\" alt=\"Loading\" src=\"https:\/\/www.baeckerei-kronsteiner.at\/start\/wp-content\/plugins\/page-views-count\/ajax-loader-2x.gif\" border=0 \/><\/p>\n<div class=\"pvc_clear\"><\/div>\n","protected":false},"author":4,"featured_media":0,"parent":0,"menu_order":4,"comment_status":"closed","ping_status":"closed","template":"template-onecolumn.php","meta":{"amp_status":"","footnotes":""},"class_list":["post-49","page","type-page","status-publish","hentry","nodate","item-wrap"],"_links":{"self":[{"href":"https:\/\/www.baeckerei-kronsteiner.at\/start\/wp-json\/wp\/v2\/pages\/49"}],"collection":[{"href":"https:\/\/www.baeckerei-kronsteiner.at\/start\/wp-json\/wp\/v2\/pages"}],"about":[{"href":"https:\/\/www.baeckerei-kronsteiner.at\/start\/wp-json\/wp\/v2\/types\/page"}],"author":[{"embeddable":true,"href":"https:\/\/www.baeckerei-kronsteiner.at\/start\/wp-json\/wp\/v2\/users\/4"}],"replies":[{"embeddable":true,"href":"https:\/\/www.baeckerei-kronsteiner.at\/start\/wp-json\/wp\/v2\/comments?post=49"}],"version-history":[{"count":17,"href":"https:\/\/www.baeckerei-kronsteiner.at\/start\/wp-json\/wp\/v2\/pages\/49\/revisions"}],"predecessor-version":[{"id":609,"href":"https:\/\/www.baeckerei-kronsteiner.at\/start\/wp-json\/wp\/v2\/pages\/49\/revisions\/609"}],"wp:attachment":[{"href":"https:\/\/www.baeckerei-kronsteiner.at\/start\/wp-json\/wp\/v2\/media?parent=49"}],"curies":[{"name":"wp","href":"https:\/\/api.w.org\/{rel}","templated":true}]}}